{"id":553,"date":"2021-11-08T19:39:58","date_gmt":"2021-11-08T19:39:58","guid":{"rendered":"https:\/\/boutiquehotelmontfort.ca\/commande\/"},"modified":"2021-12-02T16:16:51","modified_gmt":"2021-12-02T21:16:51","slug":"commande","status":"publish","type":"page","link":"https:\/\/boutiquehotelmontfort.ca\/en\/commande\/","title":{"rendered":"Order"},"content":{"rendered":"<div class=\"woocommerce\"><div class=\"woocommerce-notices-wrapper\"><\/div><\/div>\n<p><strong>If you don&#8217;t receive your confirmation email, don&#8217;t forget to check your spam box!<\/strong><\/p>","protected":false},"excerpt":{"rendered":"","protected":false},"author":1,"featured_media":0,"parent":0,"menu_order":0,"comment_status":"closed","ping_status":"closed","template":"","meta":{"_acf_changed":false,"inline_featured_image":false,"footnotes":""},"class_list":["post-553","page","type-page","status-publish","hentry"],"acf":[],"yoast_head":"<!-- This site is optimized with the Yoast SEO plugin v24.9 - https:\/\/yoast.com\/wordpress\/plugins\/seo\/ -->\n<title>Order - H\u00f4tel Montfort Nicolet, Centre-du-Qu\u00e9bec<\/title>\n<meta name=\"robots\" content=\"index, follow, max-snippet:-1, max-image-preview:large, max-video-preview:-1\" \/>\n<link rel=\"canonical\" href=\"https:\/\/boutiquehotelmontfort.ca\/en\/commande\/\" \/>\n<meta property=\"og:locale\" content=\"en_US\" \/>\n<meta property=\"og:type\" content=\"article\" \/>\n<meta property=\"og:title\" content=\"Order - H\u00f4tel Montfort Nicolet, Centre-du-Qu\u00e9bec\" \/>\n<meta property=\"og:url\" content=\"https:\/\/boutiquehotelmontfort.ca\/en\/commande\/\" \/>\n<meta property=\"og:site_name\" content=\"H\u00f4tel Montfort Nicolet, Centre-du-Qu\u00e9bec\" \/>\n<meta property=\"article:modified_time\" content=\"2021-12-02T21:16:51+00:00\" \/>\n<meta name=\"twitter:card\" content=\"summary_large_image\" \/>\n<script type=\"application\/ld+json\" class=\"yoast-schema-graph\">{\"@context\":\"https:\/\/schema.org\",\"@graph\":[{\"@type\":\"WebPage\",\"@id\":\"https:\/\/boutiquehotelmontfort.ca\/en\/commande\/\",\"url\":\"https:\/\/boutiquehotelmontfort.ca\/en\/commande\/\",\"name\":\"Order - H\u00f4tel Montfort Nicolet, Centre-du-Qu\u00e9bec\",\"isPartOf\":{\"@id\":\"https:\/\/boutiquehotelmontfort.ca\/#website\"},\"datePublished\":\"2021-11-08T19:39:58+00:00\",\"dateModified\":\"2021-12-02T21:16:51+00:00\",\"breadcrumb\":{\"@id\":\"https:\/\/boutiquehotelmontfort.ca\/en\/commande\/#breadcrumb\"},\"inLanguage\":\"en-US\",\"potentialAction\":[{\"@type\":\"ReadAction\",\"target\":[\"https:\/\/boutiquehotelmontfort.ca\/en\/commande\/\"]}]},{\"@type\":\"BreadcrumbList\",\"@id\":\"https:\/\/boutiquehotelmontfort.ca\/en\/commande\/#breadcrumb\",\"itemListElement\":[{\"@type\":\"ListItem\",\"position\":1,\"name\":\"Accueil\",\"item\":\"https:\/\/boutiquehotelmontfort.ca\/\"},{\"@type\":\"ListItem\",\"position\":2,\"name\":\"Order\"}]},{\"@type\":\"WebSite\",\"@id\":\"https:\/\/boutiquehotelmontfort.ca\/#website\",\"url\":\"https:\/\/boutiquehotelmontfort.ca\/\",\"name\":\"H\u00f4tel Montfort Nicolet, Centre-du-Qu\u00e9bec\",\"description\":\"Pr\u00e8s de Trois-Rivi\u00e8res, Centre-du-Qu\u00e9bec\",\"potentialAction\":[{\"@type\":\"SearchAction\",\"target\":{\"@type\":\"EntryPoint\",\"urlTemplate\":\"https:\/\/boutiquehotelmontfort.ca\/?s={search_term_string}\"},\"query-input\":{\"@type\":\"PropertyValueSpecification\",\"valueRequired\":true,\"valueName\":\"search_term_string\"}}],\"inLanguage\":\"en-US\"}]}<\/script>\n<!-- \/ Yoast SEO plugin. -->","yoast_head_json":{"title":"Order - H\u00f4tel Montfort Nicolet, Centre-du-Qu\u00e9bec","robots":{"index":"index","follow":"follow","max-snippet":"max-snippet:-1","max-image-preview":"max-image-preview:large","max-video-preview":"max-video-preview:-1"},"canonical":"https:\/\/boutiquehotelmontfort.ca\/en\/commande\/","og_locale":"en_US","og_type":"article","og_title":"Order - H\u00f4tel Montfort Nicolet, Centre-du-Qu\u00e9bec","og_url":"https:\/\/boutiquehotelmontfort.ca\/en\/commande\/","og_site_name":"H\u00f4tel Montfort Nicolet, Centre-du-Qu\u00e9bec","article_modified_time":"2021-12-02T21:16:51+00:00","twitter_card":"summary_large_image","schema":{"@context":"https:\/\/schema.org","@graph":[{"@type":"WebPage","@id":"https:\/\/boutiquehotelmontfort.ca\/en\/commande\/","url":"https:\/\/boutiquehotelmontfort.ca\/en\/commande\/","name":"Order - H\u00f4tel Montfort Nicolet, Centre-du-Qu\u00e9bec","isPartOf":{"@id":"https:\/\/boutiquehotelmontfort.ca\/#website"},"datePublished":"2021-11-08T19:39:58+00:00","dateModified":"2021-12-02T21:16:51+00:00","breadcrumb":{"@id":"https:\/\/boutiquehotelmontfort.ca\/en\/commande\/#breadcrumb"},"inLanguage":"en-US","potentialAction":[{"@type":"ReadAction","target":["https:\/\/boutiquehotelmontfort.ca\/en\/commande\/"]}]},{"@type":"BreadcrumbList","@id":"https:\/\/boutiquehotelmontfort.ca\/en\/commande\/#breadcrumb","itemListElement":[{"@type":"ListItem","position":1,"name":"Accueil","item":"https:\/\/boutiquehotelmontfort.ca\/"},{"@type":"ListItem","position":2,"name":"Order"}]},{"@type":"WebSite","@id":"https:\/\/boutiquehotelmontfort.ca\/#website","url":"https:\/\/boutiquehotelmontfort.ca\/","name":"H\u00f4tel Montfort Nicolet, Centre-du-Qu\u00e9bec","description":"Pr\u00e8s de Trois-Rivi\u00e8res, Centre-du-Qu\u00e9bec","potentialAction":[{"@type":"SearchAction","target":{"@type":"EntryPoint","urlTemplate":"https:\/\/boutiquehotelmontfort.ca\/?s={search_term_string}"},"query-input":{"@type":"PropertyValueSpecification","valueRequired":true,"valueName":"search_term_string"}}],"inLanguage":"en-US"}]}},"jetpack_sharing_enabled":true,"_links":{"self":[{"href":"https:\/\/boutiquehotelmontfort.ca\/en\/wp-json\/wp\/v2\/pages\/553","targetHints":{"allow":["GET"]}}],"collection":[{"href":"https:\/\/boutiquehotelmontfort.ca\/en\/wp-json\/wp\/v2\/pages"}],"about":[{"href":"https:\/\/boutiquehotelmontfort.ca\/en\/wp-json\/wp\/v2\/types\/page"}],"author":[{"embeddable":true,"href":"https:\/\/boutiquehotelmontfort.ca\/en\/wp-json\/wp\/v2\/users\/1"}],"replies":[{"embeddable":true,"href":"https:\/\/boutiquehotelmontfort.ca\/en\/wp-json\/wp\/v2\/comments?post=553"}],"version-history":[{"count":4,"href":"https:\/\/boutiquehotelmontfort.ca\/en\/wp-json\/wp\/v2\/pages\/553\/revisions"}],"predecessor-version":[{"id":1345,"href":"https:\/\/boutiquehotelmontfort.ca\/en\/wp-json\/wp\/v2\/pages\/553\/revisions\/1345"}],"wp:attachment":[{"href":"https:\/\/boutiquehotelmontfort.ca\/en\/wp-json\/wp\/v2\/media?parent=553"}],"curies":[{"name":"wp","href":"https:\/\/api.w.org\/{rel}","templated":true}]}}