{"id":540,"date":"2021-11-08T19:39:58","date_gmt":"2021-11-08T19:39:58","guid":{"rendered":"https:\/\/boutiquehotelmontfort.ca\/panier\/"},"modified":"2021-12-02T16:16:16","modified_gmt":"2021-12-02T21:16:16","slug":"cart","status":"publish","type":"page","link":"https:\/\/boutiquehotelmontfort.ca\/en\/cart\/","title":{"rendered":"Cart"},"content":{"rendered":"<div class=\"woocommerce\">\n<div class=\"jet-woo-builder-woocommerce-empty-cart\">\n\t<div class=\"woocommerce-notices-wrapper\"><\/div><div class=\"wc-empty-cart-message\">\n\t<div class=\"cart-empty woocommerce-info\">\n\t\tYour cart is currently empty.\t<\/div>\n<\/div><style>.elementor-543 .elementor-element.elementor-element-c9beedc .elementor-repeater-item-7788a9b.jet-parallax-section__layout .jet-parallax-section__image{background-size:auto;}.elementor-543 .elementor-element.elementor-element-9222b31.elementor-column > .elementor-widget-wrap{justify-content:center;}.elementor-widget-heading .elementor-heading-title{font-family:var( --e-global-typography-primary-font-family ), Sans-serif;font-weight:var( --e-global-typography-primary-font-weight );color:var( --e-global-color-primary );}.elementor-543 .elementor-element.elementor-element-9aa5ea9{text-align:center;}.elementor-543 .elementor-element.elementor-element-9aa5ea9 .elementor-heading-title{font-size:var( --e-global-typography-95df407-font-size );font-weight:var( --e-global-typography-95df407-font-weight );line-height:var( --e-global-typography-95df407-line-height );}.elementor-widget-button .elementor-button{background-color:var( --e-global-color-accent );font-family:var( --e-global-typography-accent-font-family ), Sans-serif;font-weight:var( --e-global-typography-accent-font-weight );}.elementor-543 .elementor-element.elementor-element-ae8d9c1 .elementor-button:hover, .elementor-543 .elementor-element.elementor-element-ae8d9c1 .elementor-button:focus{background-color:var( --e-global-color-1ef95ac );color:#FFFFFF;}.elementor-543 .elementor-element.elementor-element-ae8d9c1{width:auto;max-width:auto;}.elementor-543 .elementor-element.elementor-element-ae8d9c1 > .elementor-widget-container{margin:0px 10px 0px 10px;}.elementor-543 .elementor-element.elementor-element-ae8d9c1 .elementor-button{fill:#FFFFFF;color:#FFFFFF;border-radius:25px 25px 25px 25px;}.elementor-543 .elementor-element.elementor-element-ae8d9c1 .elementor-button:hover svg, .elementor-543 .elementor-element.elementor-element-ae8d9c1 .elementor-button:focus svg{fill:#FFFFFF;}.elementor-543 .elementor-element.elementor-element-3ad16ac .elementor-button:hover, .elementor-543 .elementor-element.elementor-element-3ad16ac .elementor-button:focus{background-color:var( --e-global-color-1ef95ac );color:#FFFFFF;}.elementor-543 .elementor-element.elementor-element-3ad16ac{width:auto;max-width:auto;}.elementor-543 .elementor-element.elementor-element-3ad16ac > .elementor-widget-container{margin:0px 10px 0px 10px;}.elementor-543 .elementor-element.elementor-element-3ad16ac .elementor-button{fill:#FFFFFF;color:#FFFFFF;border-radius:25px 25px 25px 25px;}.elementor-543 .elementor-element.elementor-element-3ad16ac .elementor-button:hover svg, .elementor-543 .elementor-element.elementor-element-3ad16ac .elementor-button:focus svg{fill:#FFFFFF;}.elementor-543 .elementor-element.elementor-element-c9beedc{padding:3% 0% 3% 0%;}:root{--page-title-display:none;}@media(max-width:1024px){.elementor-543 .elementor-element.elementor-element-9aa5ea9 .elementor-heading-title{font-size:var( --e-global-typography-95df407-font-size );line-height:var( --e-global-typography-95df407-line-height );}}@media(max-width:767px){.elementor-543 .elementor-element.elementor-element-9aa5ea9 .elementor-heading-title{font-size:var( --e-global-typography-95df407-font-size );line-height:var( --e-global-typography-95df407-line-height );}}<\/style>\t\t<div data-elementor-type=\"jet-woo-builder-cart\" data-elementor-id=\"543\" class=\"elementor elementor-543 elementor-336\" data-elementor-post-type=\"jet-woo-builder\">\n\t\t\t\t\t\t<section class=\"elementor-section elementor-top-section elementor-element elementor-element-c9beedc elementor-section-boxed elementor-section-height-default elementor-section-height-default\" data-id=\"c9beedc\" data-element_type=\"section\" data-settings=\"{&quot;jet_parallax_layout_list&quot;:[{&quot;jet_parallax_layout_image&quot;:{&quot;url&quot;:&quot;&quot;,&quot;id&quot;:&quot;&quot;,&quot;size&quot;:&quot;&quot;},&quot;_id&quot;:&quot;7788a9b&quot;,&quot;jet_parallax_layout_image_tablet&quot;:{&quot;url&quot;:&quot;&quot;,&quot;id&quot;:&quot;&quot;,&quot;size&quot;:&quot;&quot;},&quot;jet_parallax_layout_image_mobile&quot;:{&quot;url&quot;:&quot;&quot;,&quot;id&quot;:&quot;&quot;,&quot;size&quot;:&quot;&quot;},&quot;jet_parallax_layout_speed&quot;:{&quot;unit&quot;:&quot;%&quot;,&quot;size&quot;:50,&quot;sizes&quot;:[]},&quot;jet_parallax_layout_type&quot;:&quot;scroll&quot;,&quot;jet_parallax_layout_direction&quot;:null,&quot;jet_parallax_layout_fx_direction&quot;:null,&quot;jet_parallax_layout_z_index&quot;:&quot;&quot;,&quot;jet_parallax_layout_bg_x&quot;:50,&quot;jet_parallax_layout_bg_x_tablet&quot;:&quot;&quot;,&quot;jet_parallax_layout_bg_x_mobile&quot;:&quot;&quot;,&quot;jet_parallax_layout_bg_y&quot;:50,&quot;jet_parallax_layout_bg_y_tablet&quot;:&quot;&quot;,&quot;jet_parallax_layout_bg_y_mobile&quot;:&quot;&quot;,&quot;jet_parallax_layout_bg_size&quot;:&quot;auto&quot;,&quot;jet_parallax_layout_bg_size_tablet&quot;:&quot;&quot;,&quot;jet_parallax_layout_bg_size_mobile&quot;:&quot;&quot;,&quot;jet_parallax_layout_animation_prop&quot;:&quot;transform&quot;,&quot;jet_parallax_layout_on&quot;:[&quot;desktop&quot;,&quot;tablet&quot;]}]}\">\n\t\t\t\t\t\t<div class=\"elementor-container elementor-column-gap-default\">\n\t\t\t\t\t<div class=\"elementor-column elementor-col-100 elementor-top-column elementor-element elementor-element-9222b31\" data-id=\"9222b31\" data-element_type=\"column\">\n\t\t\t<div class=\"elementor-widget-wrap elementor-element-populated\">\n\t\t\t\t\t\t<div class=\"elementor-element elementor-element-9aa5ea9 elementor-widget elementor-widget-heading\" data-id=\"9aa5ea9\" data-element_type=\"widget\" data-widget_type=\"heading.default\">\n\t\t\t\t<div class=\"elementor-widget-container\">\n\t\t\t\t\t<h2 class=\"elementor-heading-title elementor-size-default\">Your cart is currently empty, add a gift now.<\/h2>\t\t\t\t<\/div>\n\t\t\t\t<\/div>\n\t\t\t\t<div class=\"elementor-element elementor-element-ae8d9c1 elementor-align-center elementor-widget__width-auto elementor-widget elementor-widget-button\" data-id=\"ae8d9c1\" data-element_type=\"widget\" data-widget_type=\"button.default\">\n\t\t\t\t<div class=\"elementor-widget-container\">\n\t\t\t\t\t\t\t\t\t<div class=\"elementor-button-wrapper\">\n\t\t\t\t\t<a class=\"elementor-button elementor-button-link elementor-size-sm\" href=\"https:\/\/boutiquehotelmontfort.ca\/en\/?post_type=product&#038;p=480\">\n\t\t\t\t\t\t<span class=\"elementor-button-content-wrapper\">\n\t\t\t\t\t\t\t\t\t<span class=\"elementor-button-text\">ADD A GIFT CARD<\/span>\n\t\t\t\t\t<\/span>\n\t\t\t\t\t<\/a>\n\t\t\t\t<\/div>\n\t\t\t\t\t\t\t\t<\/div>\n\t\t\t\t<\/div>\n\t\t\t\t<div class=\"elementor-element elementor-element-3ad16ac elementor-align-center elementor-widget__width-auto elementor-widget elementor-widget-button\" data-id=\"3ad16ac\" data-element_type=\"widget\" data-widget_type=\"button.default\">\n\t\t\t\t<div class=\"elementor-widget-container\">\n\t\t\t\t\t\t\t\t\t<div class=\"elementor-button-wrapper\">\n\t\t\t\t\t<a class=\"elementor-button elementor-button-link elementor-size-sm\" href=\"https:\/\/boutiquehotelmontfort.ca\/en\/#forfaits\">\n\t\t\t\t\t\t<span class=\"elementor-button-content-wrapper\">\n\t\t\t\t\t\t\t\t\t<span class=\"elementor-button-text\">ADD A GIFT PACKAGE<\/span>\n\t\t\t\t\t<\/span>\n\t\t\t\t\t<\/a>\n\t\t\t\t<\/div>\n\t\t\t\t\t\t\t\t<\/div>\n\t\t\t\t<\/div>\n\t\t\t\t\t<\/div>\n\t\t<\/div>\n\t\t\t\t\t<\/div>\n\t\t<\/section>\n\t\t\t\t<\/div>\n\t\t<\/div>\n<\/div>","protected":false},"excerpt":{"rendered":"","protected":false},"author":1,"featured_media":0,"parent":0,"menu_order":0,"comment_status":"closed","ping_status":"closed","template":"","meta":{"_acf_changed":false,"inline_featured_image":false,"footnotes":""},"class_list":["post-540","page","type-page","status-publish","hentry"],"acf":[],"yoast_head":"<!-- This site is optimized with the Yoast SEO plugin v24.9 - https:\/\/yoast.com\/wordpress\/plugins\/seo\/ -->\n<title>Cart - H\u00f4tel Montfort Nicolet, Centre-du-Qu\u00e9bec<\/title>\n<meta name=\"robots\" content=\"index, follow, max-snippet:-1, max-image-preview:large, max-video-preview:-1\" \/>\n<link rel=\"canonical\" href=\"https:\/\/boutiquehotelmontfort.ca\/en\/cart\/\" \/>\n<meta property=\"og:locale\" content=\"en_US\" \/>\n<meta property=\"og:type\" content=\"article\" \/>\n<meta property=\"og:title\" content=\"Cart - H\u00f4tel Montfort Nicolet, Centre-du-Qu\u00e9bec\" \/>\n<meta property=\"og:url\" content=\"https:\/\/boutiquehotelmontfort.ca\/en\/cart\/\" \/>\n<meta property=\"og:site_name\" content=\"H\u00f4tel Montfort Nicolet, Centre-du-Qu\u00e9bec\" \/>\n<meta property=\"article:modified_time\" content=\"2021-12-02T21:16:16+00:00\" \/>\n<meta name=\"twitter:card\" content=\"summary_large_image\" \/>\n<script type=\"application\/ld+json\" class=\"yoast-schema-graph\">{\"@context\":\"https:\/\/schema.org\",\"@graph\":[{\"@type\":\"WebPage\",\"@id\":\"https:\/\/boutiquehotelmontfort.ca\/en\/cart\/\",\"url\":\"https:\/\/boutiquehotelmontfort.ca\/en\/cart\/\",\"name\":\"Cart - H\u00f4tel Montfort Nicolet, Centre-du-Qu\u00e9bec\",\"isPartOf\":{\"@id\":\"https:\/\/boutiquehotelmontfort.ca\/#website\"},\"datePublished\":\"2021-11-08T19:39:58+00:00\",\"dateModified\":\"2021-12-02T21:16:16+00:00\",\"breadcrumb\":{\"@id\":\"https:\/\/boutiquehotelmontfort.ca\/en\/cart\/#breadcrumb\"},\"inLanguage\":\"en-US\",\"potentialAction\":[{\"@type\":\"ReadAction\",\"target\":[\"https:\/\/boutiquehotelmontfort.ca\/en\/cart\/\"]}]},{\"@type\":\"BreadcrumbList\",\"@id\":\"https:\/\/boutiquehotelmontfort.ca\/en\/cart\/#breadcrumb\",\"itemListElement\":[{\"@type\":\"ListItem\",\"position\":1,\"name\":\"Accueil\",\"item\":\"https:\/\/boutiquehotelmontfort.ca\/\"},{\"@type\":\"ListItem\",\"position\":2,\"name\":\"Cart\"}]},{\"@type\":\"WebSite\",\"@id\":\"https:\/\/boutiquehotelmontfort.ca\/#website\",\"url\":\"https:\/\/boutiquehotelmontfort.ca\/\",\"name\":\"H\u00f4tel Montfort Nicolet, Centre-du-Qu\u00e9bec\",\"description\":\"Pr\u00e8s de Trois-Rivi\u00e8res, Centre-du-Qu\u00e9bec\",\"potentialAction\":[{\"@type\":\"SearchAction\",\"target\":{\"@type\":\"EntryPoint\",\"urlTemplate\":\"https:\/\/boutiquehotelmontfort.ca\/?s={search_term_string}\"},\"query-input\":{\"@type\":\"PropertyValueSpecification\",\"valueRequired\":true,\"valueName\":\"search_term_string\"}}],\"inLanguage\":\"en-US\"}]}<\/script>\n<!-- \/ Yoast SEO plugin. -->","yoast_head_json":{"title":"Cart - H\u00f4tel Montfort Nicolet, Centre-du-Qu\u00e9bec","robots":{"index":"index","follow":"follow","max-snippet":"max-snippet:-1","max-image-preview":"max-image-preview:large","max-video-preview":"max-video-preview:-1"},"canonical":"https:\/\/boutiquehotelmontfort.ca\/en\/cart\/","og_locale":"en_US","og_type":"article","og_title":"Cart - H\u00f4tel Montfort Nicolet, Centre-du-Qu\u00e9bec","og_url":"https:\/\/boutiquehotelmontfort.ca\/en\/cart\/","og_site_name":"H\u00f4tel Montfort Nicolet, Centre-du-Qu\u00e9bec","article_modified_time":"2021-12-02T21:16:16+00:00","twitter_card":"summary_large_image","schema":{"@context":"https:\/\/schema.org","@graph":[{"@type":"WebPage","@id":"https:\/\/boutiquehotelmontfort.ca\/en\/cart\/","url":"https:\/\/boutiquehotelmontfort.ca\/en\/cart\/","name":"Cart - H\u00f4tel Montfort Nicolet, Centre-du-Qu\u00e9bec","isPartOf":{"@id":"https:\/\/boutiquehotelmontfort.ca\/#website"},"datePublished":"2021-11-08T19:39:58+00:00","dateModified":"2021-12-02T21:16:16+00:00","breadcrumb":{"@id":"https:\/\/boutiquehotelmontfort.ca\/en\/cart\/#breadcrumb"},"inLanguage":"en-US","potentialAction":[{"@type":"ReadAction","target":["https:\/\/boutiquehotelmontfort.ca\/en\/cart\/"]}]},{"@type":"BreadcrumbList","@id":"https:\/\/boutiquehotelmontfort.ca\/en\/cart\/#breadcrumb","itemListElement":[{"@type":"ListItem","position":1,"name":"Accueil","item":"https:\/\/boutiquehotelmontfort.ca\/"},{"@type":"ListItem","position":2,"name":"Cart"}]},{"@type":"WebSite","@id":"https:\/\/boutiquehotelmontfort.ca\/#website","url":"https:\/\/boutiquehotelmontfort.ca\/","name":"H\u00f4tel Montfort Nicolet, Centre-du-Qu\u00e9bec","description":"Pr\u00e8s de Trois-Rivi\u00e8res, Centre-du-Qu\u00e9bec","potentialAction":[{"@type":"SearchAction","target":{"@type":"EntryPoint","urlTemplate":"https:\/\/boutiquehotelmontfort.ca\/?s={search_term_string}"},"query-input":{"@type":"PropertyValueSpecification","valueRequired":true,"valueName":"search_term_string"}}],"inLanguage":"en-US"}]}},"jetpack_sharing_enabled":true,"_links":{"self":[{"href":"https:\/\/boutiquehotelmontfort.ca\/en\/wp-json\/wp\/v2\/pages\/540","targetHints":{"allow":["GET"]}}],"collection":[{"href":"https:\/\/boutiquehotelmontfort.ca\/en\/wp-json\/wp\/v2\/pages"}],"about":[{"href":"https:\/\/boutiquehotelmontfort.ca\/en\/wp-json\/wp\/v2\/types\/page"}],"author":[{"embeddable":true,"href":"https:\/\/boutiquehotelmontfort.ca\/en\/wp-json\/wp\/v2\/users\/1"}],"replies":[{"embeddable":true,"href":"https:\/\/boutiquehotelmontfort.ca\/en\/wp-json\/wp\/v2\/comments?post=540"}],"version-history":[{"count":2,"href":"https:\/\/boutiquehotelmontfort.ca\/en\/wp-json\/wp\/v2\/pages\/540\/revisions"}],"predecessor-version":[{"id":1343,"href":"https:\/\/boutiquehotelmontfort.ca\/en\/wp-json\/wp\/v2\/pages\/540\/revisions\/1343"}],"wp:attachment":[{"href":"https:\/\/boutiquehotelmontfort.ca\/en\/wp-json\/wp\/v2\/media?parent=540"}],"curies":[{"name":"wp","href":"https:\/\/api.w.org\/{rel}","templated":true}]}}